{"id":12,"date":"2020-10-08T15:19:33","date_gmt":"2020-10-08T15:19:33","guid":{"rendered":"https:\/\/ummomusic.com\/?page_id=12"},"modified":"2020-10-08T20:12:01","modified_gmt":"2020-10-08T20:12:01","slug":"ixinaa","status":"publish","type":"page","link":"https:\/\/ummomusic.com\/?page_id=12","title":{"rendered":"IXINAA"},"content":{"rendered":"<p><iframe loading=\"lazy\" title=\"IXINAA - 01.CHIPIE YIE by Ummo Music\" width=\"640\" height=\"500\" scrolling=\"no\" frameborder=\"no\" src=\"https:\/\/www.reverbnation.com\/widget_code\/html_widget\/artist_914922?widget_id=55&#038;pwc[song_ids]=19874566\"><\/iframe><\/p>\n<div id=\"modal_001_content\" class=\"modal_body no_inner_scroll\">\n<p>Viewing lyrics for\u00a0<strong>IXINAA &#8211; 01.CHIPIE YIE<\/strong>\u00a0by\u00a0<strong>Ummo Music<\/strong>.<\/p>\n<div class=\"input_row\">\n<p>Chipie YIE<\/p>\n<p>Paroles DENOCLA \u2013 29\/03\/2010 \u2013 \u00a9<br \/>\nArrangements pour le langage Oummain DENOCLA \u2013 29\/03\/2010- \u00a9<br \/>\nInterpr\u00e9tation ALIENOR,<br \/>\nMusique NORBERT<\/p>\n<p>Avec cette chanson j\u2019ai cherch\u00e9 une mani\u00e8re amusante et coquine de deviner le sens des mots Oummains\u2026<br \/>\nC\u2019est aussi un clinc d\u2019\u0153il aux traditionnels vaudevilles et autres pi\u00e8ces de la tradition fran\u00e7aise telle que Marivaux, avec de faux airs de Serge Gainsbourg, m\u00eame si je n\u2019y avais pas pens\u00e9 !<\/p>\n<p>Mens-moi, dis moi que tu m\u2019aimes !<\/p>\n<p>Mens-moi, dis moi que tu m\u2019aimes !<br \/>\nHum\u2026 XIIXIA avec toi\u2026<br \/>\nChipie YIE<\/p>\n<p>AIOOYAA AMMIE YIE EBAYAA !<br \/>\nOh ! \u2026XIIXIA avec toi\u2026<br \/>\nChipie YIE<\/p>\n<p>Je suis si bien avec toi, petite menteuse !<br \/>\nEncore\u2026 XIIXIA avec toi\u2026<br \/>\nChipie YIE<\/p>\n<p>AIOOYAA AMMIE YIE EBAYAA !<br \/>\nToujours\u2026XIIXIA avec toi\u2026<br \/>\nChipie YIE<\/p>\n<p>Et cet autre GEE, tu me prends pour un OIXIIXI !<br \/>\nAh ! \u2026 XIIXIA avec toi\u2026<br \/>\nChipie YIE<\/p>\n<p>Mens-moi, dis moi que tu m\u2019aimes !<br \/>\nOh ! \u2026 XIIXIA avec toi\u2026<br \/>\nChipie YIE<\/p>\n<p>AIOOYAA AMMIE YIE EBAYAA !<br \/>\nJ\u2019aime XIIXIA avec toi\u2026<br \/>\nChipie YIE<\/p>\n<p>YIE brat<\/p>\n<p>In this song I tried to find a fun and witty way to guess the meaning of Ummo words\u2026 And so it\u2019s a tip of the hat to traditional French light comedies \u2013 \u00ab vaudevilles \u00bb \u2013 and other traditional French plays, such as those by Marivaux, somewhat similar to Serge Gainsbourg\u2019s music, even though I hadn\u2019t really thought about it that way!<\/p>\n<p>Lie to me, tell me you love me!<br \/>\nHum\u2026 XIIXIA with you\u2026<br \/>\nYIE brat<\/p>\n<p>AIOOYAA AMMIE YIE EBAYAA!<br \/>\nOh! \u2026XIIXIA with you\u2026<br \/>\nYIE brat<\/p>\n<p>It feels so nice being close to you, little lier you!<br \/>\nMore\u2026 XIIXIA with you\u2026<br \/>\nYIE brat<\/p>\n<p>AIOOYAA AMMIE YIE EBAYAA !<br \/>\nAlways\u2026XIIXIA with you\u2026<br \/>\nYIE brat<\/p>\n<p>And this other GEE, you\u2019re taking me for an OIXIIXI!<br \/>\nAh! \u2026 XIIXIA with you\u2026<br \/>\nYIE brat<\/p>\n<p>Lie to me, tell me you love me!<br \/>\nOh! \u2026 XIIXIA with you\u2026<br \/>\nYIE brat<\/p>\n<p>AIOOYAA AMMIE YIE EBAYAA !<br \/>\nI love XIIXIA with you\u2026<br \/>\nYIE brat<\/p>\n<\/div>\n<\/div>\n<p><iframe loading=\"lazy\" title=\"Ummo Music\" width=\"500\" height=\"750\" scrolling=\"no\" frameborder=\"no\" src=\"https:\/\/www.reverbnation.com\/widget_code\/html_widget\/artist_914922?widget_id=55&#038;pwc[included_songs]=1\"><\/iframe><\/p>\n","protected":false},"excerpt":{"rendered":"<p>Viewing lyrics for\u00a0IXINAA &#8211; 01.CHIPIE YIE\u00a0by\u00a0Ummo Music. Chipie YIE Paroles DENOCLA \u2013 29\/03\/2010 \u2013 \u00a9 Arrangements pour le langage Oummain DENOCLA \u2013 29\/03\/2010- \u00a9 Interpr\u00e9tation ALIENOR, Musique NORBERT Avec cette chanson j\u2019ai cherch\u00e9 une mani\u00e8re amusante et coquine de deviner le sens des mots Oummains\u2026 C\u2019est aussi un clinc d\u2019\u0153il aux traditionnels vaudevilles et autres [&hellip;]<\/p>\n","protected":false},"author":1,"featured_media":0,"parent":0,"menu_order":0,"comment_status":"closed","ping_status":"closed","template":"","meta":{"footnotes":""},"class_list":["post-12","page","type-page","status-publish","hentry"],"_links":{"self":[{"href":"https:\/\/ummomusic.com\/index.php?rest_route=\/wp\/v2\/pages\/12","targetHints":{"allow":["GET"]}}],"collection":[{"href":"https:\/\/ummomusic.com\/index.php?rest_route=\/wp\/v2\/pages"}],"about":[{"href":"https:\/\/ummomusic.com\/index.php?rest_route=\/wp\/v2\/types\/page"}],"author":[{"embeddable":true,"href":"https:\/\/ummomusic.com\/index.php?rest_route=\/wp\/v2\/users\/1"}],"replies":[{"embeddable":true,"href":"https:\/\/ummomusic.com\/index.php?rest_route=%2Fwp%2Fv2%2Fcomments&post=12"}],"version-history":[{"count":10,"href":"https:\/\/ummomusic.com\/index.php?rest_route=\/wp\/v2\/pages\/12\/revisions"}],"predecessor-version":[{"id":154,"href":"https:\/\/ummomusic.com\/index.php?rest_route=\/wp\/v2\/pages\/12\/revisions\/154"}],"wp:attachment":[{"href":"https:\/\/ummomusic.com\/index.php?rest_route=%2Fwp%2Fv2%2Fmedia&parent=12"}],"curies":[{"name":"wp","href":"https:\/\/api.w.org\/{rel}","templated":true}]}}