{"id":38,"date":"2020-10-08T15:58:06","date_gmt":"2020-10-08T15:58:06","guid":{"rendered":"https:\/\/ummomusic.com\/?page_id=38"},"modified":"2022-09-06T10:23:18","modified_gmt":"2022-09-06T10:23:18","slug":"commandes-orders-ordenes","status":"publish","type":"page","link":"https:\/\/ummomusic.com\/?page_id=38","title":{"rendered":"COMMANDES ORDERS ORDENES"},"content":{"rendered":"<table style=\"height: 33px;\" width=\"663\">\n<tbody>\n<tr>\n<td width=\"98\"><strong>1<\/strong><\/td>\n<td width=\"771\"><strong>Album\u00a0musique\u00a0IXINAA \u2013 mp3\u00a0\u00a0\u00a0\u00a0<\/strong><strong>7,99 E<\/strong><\/td>\n<\/tr>\n<\/tbody>\n<\/table>\n<form action=\"https:\/\/www.paypal.com\/cgi-bin\/webscr\" method=\"post\" target=\"paypal\"><input name=\"cmd\" type=\"hidden\" value=\"_s-xclick\" \/><br \/>\n<input name=\"hosted_button_id\" type=\"hidden\" value=\"QZQ9U6LWX6GD2\" \/><br \/>\n<input alt=\"PayPal, le r\u00e9flexe s\u00e9curit\u00e9 pour payer en ligne\" name=\"submit\" src=\"https:\/\/www.paypalobjects.com\/fr_FR\/FR\/i\/btn\/btn_cart_SM.gif\" type=\"image\" \/><br \/>\n<img loading=\"lazy\" decoding=\"async\" src=\"https:\/\/www.paypalobjects.com\/fr_FR\/i\/scr\/pixel.gif\" alt=\"\" width=\"1\" height=\"1\" border=\"0\" \/><\/form>\n<p><input name=\"cmd\" type=\"hidden\" value=\"_s-xclick\" \/><\/p>\n<table style=\"height: 31px;\" width=\"670\">\n<tbody>\n<tr>\n<td width=\"98\"><strong>2<\/strong><\/td>\n<td width=\"771\"><strong>Album musique LIKE 2\u00a0OEMMIIs\u00a0\u2013 mp3<\/strong><strong>\u00a0 7,99 E<\/strong><\/td>\n<\/tr>\n<\/tbody>\n<\/table>\n<form action=\"https:\/\/www.paypal.com\/cgi-bin\/webscr\" method=\"post\" target=\"paypal\"><input name=\"cmd\" type=\"hidden\" value=\"_s-xclick\" \/><br \/>\n<input name=\"hosted_button_id\" type=\"hidden\" value=\"Q9AA96RQH5KJY\" \/><br \/>\n<input alt=\"PayPal, le r\u00e9flexe s\u00e9curit\u00e9 pour payer en ligne\" name=\"submit\" src=\"https:\/\/www.paypalobjects.com\/fr_FR\/FR\/i\/btn\/btn_cart_SM.gif\" type=\"image\" \/><br \/>\n<img loading=\"lazy\" decoding=\"async\" src=\"https:\/\/www.paypalobjects.com\/fr_FR\/i\/scr\/pixel.gif\" alt=\"\" width=\"1\" height=\"1\" border=\"0\" \/><\/form>\n<p>&nbsp;<\/p>\n<p><input name=\"cmd\" type=\"hidden\" value=\"_s-xclick\" \/><\/p>\n<table style=\"height: 26px;\" width=\"665\">\n<tbody>\n<tr>\n<td width=\"98\"><strong>3<\/strong><\/td>\n<td width=\"771\"><strong>Album BEST OF UMMO MUSIC \u2013mp3<\/strong><strong>\u00a0\u00a0\u00a0\u00a0\u00a0 7,99 E<\/strong><\/td>\n<\/tr>\n<\/tbody>\n<\/table>\n<form action=\"https:\/\/www.paypal.com\/cgi-bin\/webscr\" method=\"post\" target=\"paypal\"><input name=\"cmd\" type=\"hidden\" value=\"_s-xclick\" \/><br \/>\n<input name=\"hosted_button_id\" type=\"hidden\" value=\"KMDFTKXKBEU8N\" \/><br \/>\n<input alt=\"PayPal, le r\u00e9flexe s\u00e9curit\u00e9 pour payer en ligne\" name=\"submit\" src=\"https:\/\/www.paypalobjects.com\/fr_FR\/FR\/i\/btn\/btn_cart_SM.gif\" type=\"image\" \/><br \/>\n<img loading=\"lazy\" decoding=\"async\" src=\"https:\/\/www.paypalobjects.com\/fr_FR\/i\/scr\/pixel.gif\" alt=\"\" width=\"1\" height=\"1\" border=\"0\" \/><\/form>\n<p>.<\/p>\n<p>&nbsp;<\/p>\n<p>&nbsp;<\/p>\n<h2><strong>REVERBE NATION &#8211; CDs AUDIO<\/strong><\/h2>\n<p><iframe loading=\"lazy\" title=\"Ummo Music\" width=\"500\" height=\"750\" scrolling=\"no\" frameborder=\"no\" src=\"https:\/\/www.reverbnation.com\/widget_code\/html_widget\/artist_914922?widget_id=55&#038;pwc[included_songs]=1\"><\/iframe><\/p>\n<h2><\/h2>\n<p>&nbsp;<\/p>\n<p>&nbsp;<\/p>\n<p>&nbsp;<\/p>\n","protected":false},"excerpt":{"rendered":"<p>1 Album\u00a0musique\u00a0IXINAA \u2013 mp3\u00a0\u00a0\u00a0\u00a07,99 E 2 Album musique LIKE 2\u00a0OEMMIIs\u00a0\u2013 mp3\u00a0 7,99 E &nbsp; 3 Album BEST OF UMMO MUSIC \u2013mp3\u00a0\u00a0\u00a0\u00a0\u00a0 7,99 E . &nbsp; &nbsp; REVERBE NATION &#8211; CDs AUDIO &nbsp; &nbsp; &nbsp;<\/p>\n","protected":false},"author":1,"featured_media":0,"parent":0,"menu_order":0,"comment_status":"closed","ping_status":"closed","template":"","meta":{"footnotes":""},"class_list":["post-38","page","type-page","status-publish","hentry"],"_links":{"self":[{"href":"https:\/\/ummomusic.com\/index.php?rest_route=\/wp\/v2\/pages\/38","targetHints":{"allow":["GET"]}}],"collection":[{"href":"https:\/\/ummomusic.com\/index.php?rest_route=\/wp\/v2\/pages"}],"about":[{"href":"https:\/\/ummomusic.com\/index.php?rest_route=\/wp\/v2\/types\/page"}],"author":[{"embeddable":true,"href":"https:\/\/ummomusic.com\/index.php?rest_route=\/wp\/v2\/users\/1"}],"replies":[{"embeddable":true,"href":"https:\/\/ummomusic.com\/index.php?rest_route=%2Fwp%2Fv2%2Fcomments&post=38"}],"version-history":[{"count":13,"href":"https:\/\/ummomusic.com\/index.php?rest_route=\/wp\/v2\/pages\/38\/revisions"}],"predecessor-version":[{"id":198,"href":"https:\/\/ummomusic.com\/index.php?rest_route=\/wp\/v2\/pages\/38\/revisions\/198"}],"wp:attachment":[{"href":"https:\/\/ummomusic.com\/index.php?rest_route=%2Fwp%2Fv2%2Fmedia&parent=38"}],"curies":[{"name":"wp","href":"https:\/\/api.w.org\/{rel}","templated":true}]}}